{"id":1369,"date":"2017-03-06T10:27:59","date_gmt":"2017-03-06T09:27:59","guid":{"rendered":"https:\/\/abadennmultilingue.eu\/\/?page_id=1369"},"modified":"2019-02-21T16:53:03","modified_gmt":"2019-02-21T15:53:03","slug":"agence-traduction","status":"publish","type":"page","link":"https:\/\/abadennmultilingue.eu\/es\/abadenn\/agence-traduction\/","title":{"rendered":"Una agencia multiling\u00fce"},"content":{"rendered":"<p><\/p>\n<h2>Nos encargamos de sus proyectos de traducci\u00f3n y de interpretaci\u00f3n de a a z<\/h2>\n<p>Abadenn Multilingue le ofrece los consejos y el marco necesario para el buen seguimiento de todos sus <strong>proyectos biling\u00fces o multiling\u00fces.<\/strong><\/p>\n<p>Desde el consejo hasta la entrega final, un gestor de proyecto le acompa\u00f1a y le propone la soluci\u00f3n m\u00e1s adaptada a sus necesidades. Garante de la calidad del servicio, el gestor de proyecto es su interlocutor privilegiado. Selecciona a los <strong>mejores traductores e int\u00e9rpretes en su sector<\/strong>, se asegura del buen desarrollo del proyecto y del respeto del plazo de entrega.<\/p>\n<p>\u00a1El \u00e9xito de sus proyectos multiling\u00fces sin estr\u00e9s!<\/p>\n<p>&nbsp;<\/p>\n<h2>Un socio de confianza<\/h2>\n<p>La vocaci\u00f3n de una agencia de traducci\u00f3n e interpretaci\u00f3n es trabajar con empresas, organizaciones gubernamentales, ONGs, grandes grupos, multinacionales, etc.<\/p>\n<p>Abadenn Multilingue responde a las <strong>necesidades espec\u00edficas<\/strong> de este tipo de estructuras: <strong>volumen importante<\/strong> de traducci\u00f3n, traducciones en varios idiomas, interpretaci\u00f3n de conferencias con material, interpretaciones <strong>multiling\u00fces<\/strong>, <strong>pedidos urgentes<\/strong>, plazos cortos, <strong>idiomas poco comunes<\/strong>, etc.<\/p>\n<p><\/p>","protected":false},"excerpt":{"rendered":"<p>Nos encargamos de sus proyectos de traducci\u00f3n y de interpretaci\u00f3n de a a z Abadenn Multilingue le ofrece los consejos y el marco necesario para el buen seguimiento de todos &#8230;<\/p>\n","protected":false},"author":2,"featured_media":1915,"parent":10,"menu_order":1,"comment_status":"closed","ping_status":"closed","template":"template-2colonnes.php","meta":[],"categories":[],"tags":[],"_links":{"self":[{"href":"https:\/\/abadennmultilingue.eu\/es\/wp-json\/wp\/v2\/pages\/1369"}],"collection":[{"href":"https:\/\/abadennmultilingue.eu\/es\/wp-json\/wp\/v2\/pages"}],"about":[{"href":"https:\/\/abadennmultilingue.eu\/es\/wp-json\/wp\/v2\/types\/page"}],"author":[{"embeddable":true,"href":"https:\/\/abadennmultilingue.eu\/es\/wp-json\/wp\/v2\/users\/2"}],"replies":[{"embeddable":true,"href":"https:\/\/abadennmultilingue.eu\/es\/wp-json\/wp\/v2\/comments?post=1369"}],"version-history":[{"count":35,"href":"https:\/\/abadennmultilingue.eu\/es\/wp-json\/wp\/v2\/pages\/1369\/revisions"}],"predecessor-version":[{"id":2964,"href":"https:\/\/abadennmultilingue.eu\/es\/wp-json\/wp\/v2\/pages\/1369\/revisions\/2964"}],"up":[{"embeddable":true,"href":"https:\/\/abadennmultilingue.eu\/es\/wp-json\/wp\/v2\/pages\/10"}],"wp:featuredmedia":[{"embeddable":true,"href":"https:\/\/abadennmultilingue.eu\/es\/wp-json\/wp\/v2\/media\/1915"}],"wp:attachment":[{"href":"https:\/\/abadennmultilingue.eu\/es\/wp-json\/wp\/v2\/media?parent=1369"}],"wp:term":[{"taxonomy":"category","embeddable":true,"href":"https:\/\/abadennmultilingue.eu\/es\/wp-json\/wp\/v2\/categories?post=1369"},{"taxonomy":"post_tag","embeddable":true,"href":"https:\/\/abadennmultilingue.eu\/es\/wp-json\/wp\/v2\/tags?post=1369"}],"curies":[{"name":"wp","href":"https:\/\/api.w.org\/{rel}","templated":true}]}}