{"id":1375,"date":"2017-03-06T10:31:40","date_gmt":"2017-03-06T09:31:40","guid":{"rendered":"https:\/\/abadennmultilingue.eu\/\/?page_id=1375"},"modified":"2019-02-22T09:16:18","modified_gmt":"2019-02-22T08:16:18","slug":"savoir-faire","status":"publish","type":"page","link":"https:\/\/abadennmultilingue.eu\/es\/abadenn\/savoir-faire\/","title":{"rendered":"Puntos fuertes"},"content":{"rendered":"<p><\/p>\n<h2>Sectores de especializaci\u00f3n m\u00faltiples<\/h2>\n<p>Abadenn Multilingue cubre un <strong>gran abanico de sectores y de tipos de documentos.<\/strong><\/p>\n<p>La agencia se hace cargo de sus solicitudes de traducci\u00f3n e interpretaci\u00f3n en todos los sectores: jur\u00eddico, art\u00edstico, literario, pol\u00edtico, medical. Para ello, adapta sus m\u00e9todos seg\u00fan los criterios de cada proyecto (tipo de documento, finalidad, audiencia y sector).<\/p>\n<h5><\/h5>\n<h2 style=\"text-align: left;\">Gran variedad de combinaciones linguisticas, un amplio abanico de idiomas<\/h2>\n<p>La agencia cuenta con una <strong>red importante de int\u00e9rpretes y traductores especializados<\/strong>, seleccionados de acuerdo a sus competencias y experiencia.<\/p>\n<p>\u00bfLos puntos positivos? Nuestros servicios est\u00e1n disponibles <strong>en Francia y a nivel internacional, <\/strong>en los idiomas menos comunes y en las combinaciones ling\u00fc\u00edsticas m\u00e1s originales.<\/p>\n<p><\/p>","protected":false},"excerpt":{"rendered":"<p>Sectores de especializaci\u00f3n m\u00faltiples Abadenn Multilingue cubre un gran abanico de sectores y de tipos de documentos. La agencia se hace cargo de sus solicitudes de traducci\u00f3n e interpretaci\u00f3n en &#8230;<\/p>\n","protected":false},"author":2,"featured_media":1649,"parent":10,"menu_order":2,"comment_status":"closed","ping_status":"closed","template":"template-2colonnes.php","meta":[],"categories":[],"tags":[],"_links":{"self":[{"href":"https:\/\/abadennmultilingue.eu\/es\/wp-json\/wp\/v2\/pages\/1375"}],"collection":[{"href":"https:\/\/abadennmultilingue.eu\/es\/wp-json\/wp\/v2\/pages"}],"about":[{"href":"https:\/\/abadennmultilingue.eu\/es\/wp-json\/wp\/v2\/types\/page"}],"author":[{"embeddable":true,"href":"https:\/\/abadennmultilingue.eu\/es\/wp-json\/wp\/v2\/users\/2"}],"replies":[{"embeddable":true,"href":"https:\/\/abadennmultilingue.eu\/es\/wp-json\/wp\/v2\/comments?post=1375"}],"version-history":[{"count":51,"href":"https:\/\/abadennmultilingue.eu\/es\/wp-json\/wp\/v2\/pages\/1375\/revisions"}],"predecessor-version":[{"id":2966,"href":"https:\/\/abadennmultilingue.eu\/es\/wp-json\/wp\/v2\/pages\/1375\/revisions\/2966"}],"up":[{"embeddable":true,"href":"https:\/\/abadennmultilingue.eu\/es\/wp-json\/wp\/v2\/pages\/10"}],"wp:featuredmedia":[{"embeddable":true,"href":"https:\/\/abadennmultilingue.eu\/es\/wp-json\/wp\/v2\/media\/1649"}],"wp:attachment":[{"href":"https:\/\/abadennmultilingue.eu\/es\/wp-json\/wp\/v2\/media?parent=1375"}],"wp:term":[{"taxonomy":"category","embeddable":true,"href":"https:\/\/abadennmultilingue.eu\/es\/wp-json\/wp\/v2\/categories?post=1375"},{"taxonomy":"post_tag","embeddable":true,"href":"https:\/\/abadennmultilingue.eu\/es\/wp-json\/wp\/v2\/tags?post=1375"}],"curies":[{"name":"wp","href":"https:\/\/api.w.org\/{rel}","templated":true}]}}