{"id":14,"date":"2017-01-30T13:35:05","date_gmt":"2017-01-30T12:35:05","guid":{"rendered":"http:\/\/heserveudh.cluster020.hosting.ovh.net\/?page_id=14"},"modified":"2019-02-21T16:20:05","modified_gmt":"2019-02-21T15:20:05","slug":"interpretation","status":"publish","type":"page","link":"https:\/\/abadennmultilingue.eu\/es\/interpretation\/","title":{"rendered":"Interpretaci\u00f3n"},"content":{"rendered":"<p><\/p>\n<h2>Una interpretaci\u00f3n a medida<\/h2>\n<p>De una reuni\u00f3n de negocios biling\u00fce a un coloquio multiling\u00fce que re\u00fane hasta 300 personas, de lo medical a lo literario, de una misi\u00f3n de 30 minutos a una de diez d\u00edas, Abadenn Multilingue adapta su equipo y su material a cada proyecto y le propone la mejor configuraci\u00f3n al precio justo.<\/p>\n<p>Juntos, buscamos <strong>el tipo de interpretaci\u00f3n m\u00e1s adecuado<\/strong> para su evento, determinamos el <strong>material necesario<\/strong> y anticipamos los eventuales contratiempos.<\/p>\n<p><strong>Interpretaci\u00f3n simult\u00e1nea, consecutiva, de enlace<\/strong>: la interpretaci\u00f3n es una profesi\u00f3n exigente que supone a la vez un desempe\u00f1o f\u00edsico e intelectual. La concentraci\u00f3n, la escucha y la comprensi\u00f3n del discurso del orador deben ir acompa\u00f1adas de una producci\u00f3n clara, precisa y audible en otro idioma.<\/p>\n<h2>Servicios complementarios para un evento llave en mano<\/h2>\n<p>Adem\u00e1s de la interpretaci\u00f3n, le proponemos la <strong>traducci\u00f3n de todos los documentos que le ser\u00e1n necesarios, antes, durante y despu\u00e9s del evento <\/strong>(PowerPoint de las presentaciones, folletos, programas, invitaciones, informes, agradecimientos, conclusiones, etc.), as\u00ed como el alquiler del material de interpretaci\u00f3n y una asistencia t\u00e9cnica durante toda la sesi\u00f3n.<\/p>\n<p>El objetivo de nuestros equipos es acompa\u00f1arlo, analizar la complejidad de sus proyectos para proponerle la f\u00f3rmula m\u00e1s adaptada.<\/p>\n<p><\/p>","protected":false},"excerpt":{"rendered":"<p>Una interpretaci\u00f3n a medida De una reuni\u00f3n de negocios biling\u00fce a un coloquio multiling\u00fce que re\u00fane hasta 300 personas, de lo medical a lo literario, de una misi\u00f3n de 30 &#8230;<\/p>\n","protected":false},"author":1,"featured_media":2117,"parent":0,"menu_order":3,"comment_status":"closed","ping_status":"closed","template":"template-2colonnes.php","meta":[],"categories":[],"tags":[],"_links":{"self":[{"href":"https:\/\/abadennmultilingue.eu\/es\/wp-json\/wp\/v2\/pages\/14"}],"collection":[{"href":"https:\/\/abadennmultilingue.eu\/es\/wp-json\/wp\/v2\/pages"}],"about":[{"href":"https:\/\/abadennmultilingue.eu\/es\/wp-json\/wp\/v2\/types\/page"}],"author":[{"embeddable":true,"href":"https:\/\/abadennmultilingue.eu\/es\/wp-json\/wp\/v2\/users\/1"}],"replies":[{"embeddable":true,"href":"https:\/\/abadennmultilingue.eu\/es\/wp-json\/wp\/v2\/comments?post=14"}],"version-history":[{"count":55,"href":"https:\/\/abadennmultilingue.eu\/es\/wp-json\/wp\/v2\/pages\/14\/revisions"}],"predecessor-version":[{"id":2943,"href":"https:\/\/abadennmultilingue.eu\/es\/wp-json\/wp\/v2\/pages\/14\/revisions\/2943"}],"wp:featuredmedia":[{"embeddable":true,"href":"https:\/\/abadennmultilingue.eu\/es\/wp-json\/wp\/v2\/media\/2117"}],"wp:attachment":[{"href":"https:\/\/abadennmultilingue.eu\/es\/wp-json\/wp\/v2\/media?parent=14"}],"wp:term":[{"taxonomy":"category","embeddable":true,"href":"https:\/\/abadennmultilingue.eu\/es\/wp-json\/wp\/v2\/categories?post=14"},{"taxonomy":"post_tag","embeddable":true,"href":"https:\/\/abadennmultilingue.eu\/es\/wp-json\/wp\/v2\/tags?post=14"}],"curies":[{"name":"wp","href":"https:\/\/api.w.org\/{rel}","templated":true}]}}