{"id":1629,"date":"2017-03-23T16:55:46","date_gmt":"2017-03-23T15:55:46","guid":{"rendered":"https:\/\/abadennmultilingue.eu\/\/?page_id=1629"},"modified":"2017-10-06T14:44:19","modified_gmt":"2017-10-06T12:44:19","slug":"conseil","status":"publish","type":"page","link":"https:\/\/abadennmultilingue.eu\/es\/conseil\/","title":{"rendered":"Consejo"},"content":{"rendered":"<p><\/p>\n<h2>Entender lo que necesita realmente<\/h2>\n<p>Abadenn va m\u00e1s all\u00e1 de la traducci\u00f3n e interpretaci\u00f3n de sus documentos y eventos y le <strong>acompa\u00f1a en todos sus proyectos<\/strong> relacionados con los idiomas y la ling\u00fc\u00edstica.<\/p>\n<p><strong>Las necesidades y solicitudes est\u00e1n en constante evoluci\u00f3n, usted tambi\u00e9n. <\/strong><\/p>\n<p>El consejero en traducci\u00f3n:<\/p>\n<ul>\n<li>Se mantiene informado sobre la evoluci\u00f3n de la terminolog\u00eda espec\u00edfica a cada sector y del idioma.<\/li>\n<li>Da consejos, ofrece una pericia.<\/li>\n<li><strong>Elabora herramientas profesionales y <\/strong><strong>de <\/strong><strong>formaci\u00f3n: glosarios, bases de datos, memorias de traducci\u00f3n <\/strong><\/li>\n<li>Optimiza los costes de traducci\u00f3n.<\/li>\n<\/ul>\n<p>Independientemente de lo que desea hacer, nosotros le ayudamos a <strong>entender sus necesidades y a poner en marcha sus proyectos.<\/strong><\/p>\n<p>&nbsp;<\/p>\n<h2>\u00a1Comuniquemos en multilingue!<\/h2>\n<p>Abadenn se asocia a\u00a0<a href=\"http:\/\/www.cafaitdubruit.fr\/\">\u00c7a fait du [ Bruit ]<\/a>, agencia de comunicaci\u00f3n.<br \/>\n Juntos, le aconsejamos y acompa\u00f1amos en el desarrollo de su visibilidad y <strong>e-reputaci\u00f3n multilingue.<\/strong><\/p>\n<p>\u00a1Una estrategia de comunicaci\u00f3n para un marketing de marca!<\/p>\n<ul>\n<li>Consejo en imagen &amp; pilotaje de creaci\u00f3n de identidad visual<\/li>\n<li>Estudio, definici\u00f3n y elaboraci\u00f3n de su estrategia de comunicaci\u00f3n<\/li>\n<li>plan de comunicaci\u00f3n y plan media<\/li>\n<li><strong>establecimiento de las herramientas de comunicaci\u00f3n<\/strong>: concepci\u00f3n editorial y creaci\u00f3n de contenidos, presentaci\u00f3n de la estructura con contenidos de redacci\u00f3n, creaci\u00f3n\/revisi\u00f3n de su sitio internet, creaci\u00f3n y animaci\u00f3n de blog y de redes sociales, etc. <strong>En el idioma de su elecci\u00f3n<\/strong>.<\/li>\n<\/ul>\n<p><strong>Comunicaci\u00f3n\/eventos: exposici\u00f3n, vernissage, recorridos art\u00edsticos, festivales, soir\u00e9e-coctel, concierto, sal\u00f3n &amp; feria, fashion week, design week \u2026<\/strong><\/p>\n<p><\/p>","protected":false},"excerpt":{"rendered":"<p>Entender lo que necesita realmente Abadenn va m\u00e1s all\u00e1 de la traducci\u00f3n e interpretaci\u00f3n de sus documentos y eventos y le acompa\u00f1a en todos sus proyectos relacionados con los idiomas &#8230;<\/p>\n","protected":false},"author":2,"featured_media":1928,"parent":0,"menu_order":4,"comment_status":"closed","ping_status":"closed","template":"template-2colonnes.php","meta":[],"categories":[],"tags":[],"_links":{"self":[{"href":"https:\/\/abadennmultilingue.eu\/es\/wp-json\/wp\/v2\/pages\/1629"}],"collection":[{"href":"https:\/\/abadennmultilingue.eu\/es\/wp-json\/wp\/v2\/pages"}],"about":[{"href":"https:\/\/abadennmultilingue.eu\/es\/wp-json\/wp\/v2\/types\/page"}],"author":[{"embeddable":true,"href":"https:\/\/abadennmultilingue.eu\/es\/wp-json\/wp\/v2\/users\/2"}],"replies":[{"embeddable":true,"href":"https:\/\/abadennmultilingue.eu\/es\/wp-json\/wp\/v2\/comments?post=1629"}],"version-history":[{"count":15,"href":"https:\/\/abadennmultilingue.eu\/es\/wp-json\/wp\/v2\/pages\/1629\/revisions"}],"predecessor-version":[{"id":2699,"href":"https:\/\/abadennmultilingue.eu\/es\/wp-json\/wp\/v2\/pages\/1629\/revisions\/2699"}],"wp:featuredmedia":[{"embeddable":true,"href":"https:\/\/abadennmultilingue.eu\/es\/wp-json\/wp\/v2\/media\/1928"}],"wp:attachment":[{"href":"https:\/\/abadennmultilingue.eu\/es\/wp-json\/wp\/v2\/media?parent=1629"}],"wp:term":[{"taxonomy":"category","embeddable":true,"href":"https:\/\/abadennmultilingue.eu\/es\/wp-json\/wp\/v2\/categories?post=1629"},{"taxonomy":"post_tag","embeddable":true,"href":"https:\/\/abadennmultilingue.eu\/es\/wp-json\/wp\/v2\/tags?post=1629"}],"curies":[{"name":"wp","href":"https:\/\/api.w.org\/{rel}","templated":true}]}}