{"id":2772,"date":"2018-09-11T15:35:22","date_gmt":"2018-09-11T13:35:22","guid":{"rendered":"http:\/\/abadennmultilingue.eu\/?page_id=2772"},"modified":"2018-09-19T15:17:27","modified_gmt":"2018-09-19T13:17:27","slug":"mentions-legales","status":"publish","type":"page","link":"https:\/\/abadennmultilingue.eu\/es\/mentions-legales\/","title":{"rendered":"(FR) Mentions l\u00e9gales"},"content":{"rendered":"<p class=\"qtranxs-available-languages-message qtranxs-available-languages-message-es\">Disculpa, pero esta entrada est\u00e1 disponible s\u00f3lo en <a href=\"https:\/\/abadennmultilingue.eu\/fr\/wp-json\/wp\/v2\/pages\/2772\" class=\"qtranxs-available-language-link qtranxs-available-language-link-fr\" title=\"FR\">Franc\u00e9s<\/a>.<\/p>","protected":false},"excerpt":{"rendered":"<p>Disculpa, pero esta entrada est\u00e1 disponible s\u00f3lo en Franc\u00e9s.<\/p>\n","protected":false},"author":3,"featured_media":0,"parent":0,"menu_order":0,"comment_status":"closed","ping_status":"closed","template":"","meta":[],"categories":[],"tags":[],"_links":{"self":[{"href":"https:\/\/abadennmultilingue.eu\/es\/wp-json\/wp\/v2\/pages\/2772"}],"collection":[{"href":"https:\/\/abadennmultilingue.eu\/es\/wp-json\/wp\/v2\/pages"}],"about":[{"href":"https:\/\/abadennmultilingue.eu\/es\/wp-json\/wp\/v2\/types\/page"}],"author":[{"embeddable":true,"href":"https:\/\/abadennmultilingue.eu\/es\/wp-json\/wp\/v2\/users\/3"}],"replies":[{"embeddable":true,"href":"https:\/\/abadennmultilingue.eu\/es\/wp-json\/wp\/v2\/comments?post=2772"}],"version-history":[{"count":4,"href":"https:\/\/abadennmultilingue.eu\/es\/wp-json\/wp\/v2\/pages\/2772\/revisions"}],"predecessor-version":[{"id":2779,"href":"https:\/\/abadennmultilingue.eu\/es\/wp-json\/wp\/v2\/pages\/2772\/revisions\/2779"}],"wp:attachment":[{"href":"https:\/\/abadennmultilingue.eu\/es\/wp-json\/wp\/v2\/media?parent=2772"}],"wp:term":[{"taxonomy":"category","embeddable":true,"href":"https:\/\/abadennmultilingue.eu\/es\/wp-json\/wp\/v2\/categories?post=2772"},{"taxonomy":"post_tag","embeddable":true,"href":"https:\/\/abadennmultilingue.eu\/es\/wp-json\/wp\/v2\/tags?post=2772"}],"curies":[{"name":"wp","href":"https:\/\/api.w.org\/{rel}","templated":true}]}}